{"id":2198,"date":"2022-12-05T23:51:56","date_gmt":"2022-12-05T20:51:56","guid":{"rendered":"https:\/\/anjeliqdowntown.com\/?page_id=2198"},"modified":"2024-01-21T01:56:51","modified_gmt":"2024-01-20T22:56:51","slug":"beach","status":"publish","type":"page","link":"https:\/\/www.anjeliqdowntown.com\/de\/beach\/","title":{"rendered":"Strand"},"content":{"rendered":"<div data-elementor-type=\"wp-page\" data-elementor-id=\"2198\" class=\"elementor elementor-2198\">\n\t\t\t\t\t\t\t\t\t<section class=\"elementor-section elementor-top-section elementor-element elementor-element-856a70c elementor-section-full_width elementor-section-height-default elementor-section-height-default\" data-id=\"856a70c\" data-element_type=\"section\" data-settings=\"{&quot;jet_parallax_layout_list&quot;:[],&quot;background_background&quot;:&quot;video&quot;,&quot;background_video_link&quot;:&quot;https:\\\/\\\/www.youtube.com\\\/watch?v=U9XWsLvuvZ0&quot;,&quot;background_play_on_mobile&quot;:&quot;yes&quot;}\">\n\t\t\t\t\t\t\t\t<div class=\"elementor-background-video-container\">\n\t\t\t\t\t\t\t\t\t\t\t\t\t<div class=\"elementor-background-video-embed\"><\/div>\n\t\t\t\t\t\t\t\t\t\t\t\t<\/div>\n\t\t\t\t\t\t\t\t<div class=\"elementor-container elementor-column-gap-no\">\n\t\t\t\t\t<div class=\"elementor-column elementor-col-100 elementor-top-column elementor-element elementor-element-ce56300\" data-id=\"ce56300\" data-element_type=\"column\">\n\t\t\t<div class=\"elementor-widget-wrap elementor-element-populated\">\n\t\t\t\t\t\t\t\t<div class=\"jupiter-tooltip-widget elementor-element elementor-element-28c058c elementor-widget elementor-widget-spacer\" data-jupiter-tooltip-settings=\"{&quot;tooltip&quot;:&quot;false&quot;,&quot;tooltipDescription&quot;:&quot;This is Tooltip!&quot;,&quot;tooltipPlacement&quot;:&quot;top&quot;,&quot;tooltipArrow&quot;:true,&quot;xOffset&quot;:0,&quot;yOffset&quot;:0,&quot;tooltipAnimation&quot;:&quot;fade&quot;,&quot;tooltipTrigger&quot;:&quot;mouseenter&quot;,&quot;zIndex&quot;:999,&quot;customSelector&quot;:&quot;&quot;,&quot;delay&quot;:0}\" data-id=\"28c058c\" data-element_type=\"widget\" data-widget_type=\"spacer.default\">\n\t\t\t\t<div class=\"elementor-widget-container\">\n\t\t\t<style>\/*! elementor - v3.7.8 - 02-10-2022 *\/\n.elementor-column .elementor-spacer-inner{height:var(--spacer-size)}.e-container{--container-widget-width:100%}.e-container>.elementor-widget-spacer{width:var(--container-widget-width,var(--spacer-size));-ms-flex-item-align:stretch;align-self:stretch;-ms-flex-negative:0;flex-shrink:0}.e-container>.elementor-widget-spacer>.elementor-widget-container,.e-container>.elementor-widget-spacer>.elementor-widget-container>.elementor-spacer{height:100%}.e-container>.elementor-widget-spacer>.elementor-widget-container>.elementor-spacer>.elementor-spacer-inner{height:var(--container-widget-height,var(--spacer-size))}<\/style>\t\t<div class=\"elementor-spacer\">\n\t\t\t<div class=\"elementor-spacer-inner\"><\/div>\n\t\t<\/div>\n\t\t\t\t<\/div>\n\t\t\t\t<\/div>\n\t\t\t\t\t<\/div>\n\t\t<\/div>\n\t\t\t\t\t\t\t<\/div>\n\t\t<\/section>\n\t\t\t\t<section class=\"elementor-section elementor-top-section elementor-element elementor-element-e9c4abe elementor-section-full_width elementor-section-height-default elementor-section-height-default\" data-id=\"e9c4abe\" data-element_type=\"section\" data-settings=\"{&quot;jet_parallax_layout_list&quot;:[]}\">\n\t\t\t\t\t\t<div class=\"elementor-container elementor-column-gap-default\">\n\t\t\t\t\t<div class=\"elementor-column elementor-col-33 elementor-top-column elementor-element elementor-element-1729ff9\" data-id=\"1729ff9\" data-element_type=\"column\">\n\t\t\t<div class=\"elementor-widget-wrap\">\n\t\t\t\t\t\t\t\t\t<\/div>\n\t\t<\/div>\n\t\t\t\t<div class=\"elementor-column elementor-col-33 elementor-top-column elementor-element elementor-element-e6fed03\" data-id=\"e6fed03\" data-element_type=\"column\" data-settings=\"{&quot;background_background&quot;:&quot;classic&quot;}\">\n\t\t\t<div class=\"elementor-widget-wrap elementor-element-populated\">\n\t\t\t\t\t\t\t\t<div class=\"jupiter-tooltip-widget elementor-element elementor-element-ab331cb elementor-widget elementor-widget-heading\" data-jupiter-tooltip-settings=\"{&quot;tooltip&quot;:&quot;false&quot;,&quot;tooltipDescription&quot;:&quot;This is Tooltip!&quot;,&quot;tooltipPlacement&quot;:&quot;top&quot;,&quot;tooltipArrow&quot;:true,&quot;xOffset&quot;:0,&quot;yOffset&quot;:0,&quot;tooltipAnimation&quot;:&quot;fade&quot;,&quot;tooltipTrigger&quot;:&quot;mouseenter&quot;,&quot;zIndex&quot;:999,&quot;customSelector&quot;:&quot;&quot;,&quot;delay&quot;:0}\" data-id=\"ab331cb\" data-element_type=\"widget\" data-widget_type=\"heading.default\">\n\t\t\t\t<div class=\"elementor-widget-container\">\n\t\t\t<style>\/*! elementor - v3.7.8 - 02-10-2022 *\/\n.elementor-heading-title{padding:0;margin:0;line-height:1}.elementor-widget-heading .elementor-heading-title[class*=elementor-size-]>a{color:inherit;font-size:inherit;line-height:inherit}.elementor-widget-heading .elementor-heading-title.elementor-size-small{font-size:15px}.elementor-widget-heading .elementor-heading-title.elementor-size-medium{font-size:19px}.elementor-widget-heading .elementor-heading-title.elementor-size-large{font-size:29px}.elementor-widget-heading .elementor-heading-title.elementor-size-xl{font-size:39px}.elementor-widget-heading .elementor-heading-title.elementor-size-xxl{font-size:59px}<\/style><h2 class=\"elementor-heading-title elementor-size-default\">Strand<\/h2>\t\t<\/div>\n\t\t\t\t<\/div>\n\t\t\t\t<div class=\"jupiter-tooltip-widget elementor-element elementor-element-e2e4eb5 elementor-widget elementor-widget-text-editor\" data-jupiter-tooltip-settings=\"{&quot;tooltip&quot;:&quot;false&quot;,&quot;tooltipDescription&quot;:&quot;This is Tooltip!&quot;,&quot;tooltipPlacement&quot;:&quot;top&quot;,&quot;tooltipArrow&quot;:true,&quot;xOffset&quot;:0,&quot;yOffset&quot;:0,&quot;tooltipAnimation&quot;:&quot;fade&quot;,&quot;tooltipTrigger&quot;:&quot;mouseenter&quot;,&quot;zIndex&quot;:999,&quot;customSelector&quot;:&quot;&quot;,&quot;delay&quot;:0}\" data-id=\"e2e4eb5\" data-element_type=\"widget\" data-widget_type=\"text-editor.default\">\n\t\t\t\t<div class=\"elementor-widget-container\">\n\t\t\t<style>\/*! elementor - v3.7.8 - 02-10-2022 *\/\n.elementor-widget-text-editor.elementor-drop-cap-view-stacked .elementor-drop-cap{background-color:#818a91;color:#fff}.elementor-widget-text-editor.elementor-drop-cap-view-framed .elementor-drop-cap{color:#818a91;border:3px solid;background-color:transparent}.elementor-widget-text-editor:not(.elementor-drop-cap-view-default) .elementor-drop-cap{margin-top:8px}.elementor-widget-text-editor:not(.elementor-drop-cap-view-default) .elementor-drop-cap-letter{width:1em;height:1em}.elementor-widget-text-editor .elementor-drop-cap{float:left;text-align:center;line-height:1;font-size:50px}.elementor-widget-text-editor .elementor-drop-cap-letter{display:inline-block}<\/style>\t\t\t\t<p class=\"_04xlpA direction-ltr align-start para-style-body\"><span class=\"JsGRdQ\">Es ist Zeit, am Anjeliq Beach die Seele baumeln zu lassen. Schlie\u00dfen Sie die Augen und lauschen Sie <\/span><span class=\"JsGRdQ\">zu der sch\u00f6nen Melodie. Die \u00dcberraschung endet nie.<\/span><\/p>\t\t\t\t\t\t<\/div>\n\t\t\t\t<\/div>\n\t\t\t\t<div class=\"jupiter-tooltip-widget elementor-element elementor-element-16c88ab elementor-widget elementor-widget-spacer\" data-jupiter-tooltip-settings=\"{&quot;tooltip&quot;:&quot;false&quot;,&quot;tooltipDescription&quot;:&quot;This is Tooltip!&quot;,&quot;tooltipPlacement&quot;:&quot;top&quot;,&quot;tooltipArrow&quot;:true,&quot;xOffset&quot;:0,&quot;yOffset&quot;:0,&quot;tooltipAnimation&quot;:&quot;fade&quot;,&quot;tooltipTrigger&quot;:&quot;mouseenter&quot;,&quot;zIndex&quot;:999,&quot;customSelector&quot;:&quot;&quot;,&quot;delay&quot;:0}\" data-id=\"16c88ab\" data-element_type=\"widget\" data-widget_type=\"spacer.default\">\n\t\t\t\t<div class=\"elementor-widget-container\">\n\t\t\t\t\t<div class=\"elementor-spacer\">\n\t\t\t<div class=\"elementor-spacer-inner\"><\/div>\n\t\t<\/div>\n\t\t\t\t<\/div>\n\t\t\t\t<\/div>\n\t\t\t\t\t<\/div>\n\t\t<\/div>\n\t\t\t\t<div class=\"elementor-column elementor-col-33 elementor-top-column elementor-element elementor-element-94f32ec\" data-id=\"94f32ec\" data-element_type=\"column\">\n\t\t\t<div class=\"elementor-widget-wrap\">\n\t\t\t\t\t\t\t\t\t<\/div>\n\t\t<\/div>\n\t\t\t\t\t\t\t<\/div>\n\t\t<\/section>\n\t\t\t\t<section class=\"elementor-section elementor-top-section elementor-element elementor-element-e105ad0 elementor-section-boxed elementor-section-height-default elementor-section-height-default\" data-id=\"e105ad0\" data-element_type=\"section\" data-settings=\"{&quot;jet_parallax_layout_list&quot;:[]}\">\n\t\t\t\t\t\t<div class=\"elementor-container elementor-column-gap-default\">\n\t\t\t\t\t<div class=\"elementor-column elementor-col-100 elementor-top-column elementor-element elementor-element-92e2c7b\" data-id=\"92e2c7b\" data-element_type=\"column\">\n\t\t\t<div class=\"elementor-widget-wrap elementor-element-populated\">\n\t\t\t\t\t\t\t\t<div class=\"jupiter-tooltip-widget elementor-element elementor-element-7d68181 gallery-spacing-custom elementor-widget elementor-widget-image-gallery\" data-jupiter-tooltip-settings=\"{&quot;tooltip&quot;:&quot;false&quot;,&quot;tooltipDescription&quot;:&quot;This is Tooltip!&quot;,&quot;tooltipPlacement&quot;:&quot;top&quot;,&quot;tooltipArrow&quot;:true,&quot;xOffset&quot;:0,&quot;yOffset&quot;:0,&quot;tooltipAnimation&quot;:&quot;fade&quot;,&quot;tooltipTrigger&quot;:&quot;mouseenter&quot;,&quot;zIndex&quot;:999,&quot;customSelector&quot;:&quot;&quot;,&quot;delay&quot;:0}\" data-id=\"7d68181\" data-element_type=\"widget\" data-widget_type=\"image-gallery.default\">\n\t\t\t\t<div class=\"elementor-widget-container\">\n\t\t\t<style>\/*! elementor - v3.7.8 - 02-10-2022 *\/\n.elementor-image-gallery .gallery-item{display:inline-block;text-align:center;vertical-align:top;width:100%;max-width:100%;margin:0 auto}.elementor-image-gallery .gallery-item img{margin:0 auto}.elementor-image-gallery .gallery-item .gallery-caption{margin:0}.elementor-image-gallery figure img{display:block}.elementor-image-gallery figure figcaption{width:100%}.gallery-spacing-custom .elementor-image-gallery .gallery-icon{padding:0}@media (min-width:768px){.elementor-image-gallery .gallery-columns-2 .gallery-item{max-width:50%}.elementor-image-gallery .gallery-columns-3 .gallery-item{max-width:33.33%}.elementor-image-gallery .gallery-columns-4 .gallery-item{max-width:25%}.elementor-image-gallery .gallery-columns-5 .gallery-item{max-width:20%}.elementor-image-gallery .gallery-columns-6 .gallery-item{max-width:16.666%}.elementor-image-gallery .gallery-columns-7 .gallery-item{max-width:14.28%}.elementor-image-gallery .gallery-columns-8 .gallery-item{max-width:12.5%}.elementor-image-gallery .gallery-columns-9 .gallery-item{max-width:11.11%}.elementor-image-gallery .gallery-columns-10 .gallery-item{max-width:10%}}@media (min-width:480px) and (max-width:767px){.elementor-image-gallery .gallery.gallery-columns-2 .gallery-item,.elementor-image-gallery .gallery.gallery-columns-3 .gallery-item,.elementor-image-gallery .gallery.gallery-columns-4 .gallery-item,.elementor-image-gallery .gallery.gallery-columns-5 .gallery-item,.elementor-image-gallery .gallery.gallery-columns-6 .gallery-item,.elementor-image-gallery .gallery.gallery-columns-7 .gallery-item,.elementor-image-gallery .gallery.gallery-columns-8 .gallery-item,.elementor-image-gallery .gallery.gallery-columns-9 .gallery-item,.elementor-image-gallery .gallery.gallery-columns-10 .gallery-item{max-width:50%}}@media (max-width:479px){.elementor-image-gallery .gallery.gallery-columns-2 .gallery-item,.elementor-image-gallery .gallery.gallery-columns-3 .gallery-item,.elementor-image-gallery .gallery.gallery-columns-4 .gallery-item,.elementor-image-gallery .gallery.gallery-columns-5 .gallery-item,.elementor-image-gallery .gallery.gallery-columns-6 .gallery-item,.elementor-image-gallery .gallery.gallery-columns-7 .gallery-item,.elementor-image-gallery .gallery.gallery-columns-8 .gallery-item,.elementor-image-gallery .gallery.gallery-columns-9 .gallery-item,.elementor-image-gallery .gallery.gallery-columns-10 .gallery-item{max-width:100%}}<\/style>\t\t<div class=\"elementor-image-gallery\">\n\t\t\t<div id='gallery-1' class='gallery galleryid-2198 gallery-columns-4 gallery-size-large'><figure class='gallery-item'>\n\t\t\t<div class='gallery-icon landscape'>\n\t\t\t\t<a data-elementor-open-lightbox=\"yes\" data-elementor-lightbox-slideshow=\"7d68181\" data-elementor-lightbox-title=\"DSCF7613\" e-action-hash=\"#elementor-action%3Aaction%3Dlightbox%26settings%3DeyJpZCI6MzM3OCwidXJsIjoiaHR0cHM6XC9cL3d3dy5hbmplbGlxZG93bnRvd24uY29tXC93cC1jb250ZW50XC91cGxvYWRzXC8yMDI0XC8wMVwvRFNDRjc2MTMucG5nIiwic2xpZGVzaG93IjoiN2Q2ODE4MSJ9\" href='https:\/\/www.anjeliqdowntown.com\/wp-content\/uploads\/2024\/01\/DSCF7613.png'><img loading=\"lazy\" decoding=\"async\" width=\"1024\" height=\"595\" src=\"https:\/\/www.anjeliqdowntown.com\/wp-content\/uploads\/2024\/01\/DSCF7613-1024x595.png\" class=\"attachment-large size-large\" alt=\"\" srcset=\"https:\/\/www.anjeliqdowntown.com\/wp-content\/uploads\/2024\/01\/DSCF7613-1024x595.png 1024w, https:\/\/www.anjeliqdowntown.com\/wp-content\/uploads\/2024\/01\/DSCF7613-300x174.png 300w, https:\/\/www.anjeliqdowntown.com\/wp-content\/uploads\/2024\/01\/DSCF7613-768x446.png 768w, https:\/\/www.anjeliqdowntown.com\/wp-content\/uploads\/2024\/01\/DSCF7613-18x10.png 18w, https:\/\/www.anjeliqdowntown.com\/wp-content\/uploads\/2024\/01\/DSCF7613.png 1240w\" sizes=\"auto, (max-width: 1024px) 100vw, 1024px\" \/><\/a>\n\t\t\t<\/div><\/figure><figure class='gallery-item'>\n\t\t\t<div class='gallery-icon landscape'>\n\t\t\t\t<a data-elementor-open-lightbox=\"yes\" data-elementor-lightbox-slideshow=\"7d68181\" data-elementor-lightbox-title=\"DSCF7636\" e-action-hash=\"#elementor-action%3Aaction%3Dlightbox%26settings%3DeyJpZCI6MzM3OSwidXJsIjoiaHR0cHM6XC9cL3d3dy5hbmplbGlxZG93bnRvd24uY29tXC93cC1jb250ZW50XC91cGxvYWRzXC8yMDI0XC8wMVwvRFNDRjc2MzYucG5nIiwic2xpZGVzaG93IjoiN2Q2ODE4MSJ9\" href='https:\/\/www.anjeliqdowntown.com\/wp-content\/uploads\/2024\/01\/DSCF7636.png'><img loading=\"lazy\" decoding=\"async\" width=\"1024\" height=\"595\" src=\"https:\/\/www.anjeliqdowntown.com\/wp-content\/uploads\/2024\/01\/DSCF7636-1024x595.png\" class=\"attachment-large size-large\" alt=\"\" srcset=\"https:\/\/www.anjeliqdowntown.com\/wp-content\/uploads\/2024\/01\/DSCF7636-1024x595.png 1024w, https:\/\/www.anjeliqdowntown.com\/wp-content\/uploads\/2024\/01\/DSCF7636-300x174.png 300w, https:\/\/www.anjeliqdowntown.com\/wp-content\/uploads\/2024\/01\/DSCF7636-768x446.png 768w, https:\/\/www.anjeliqdowntown.com\/wp-content\/uploads\/2024\/01\/DSCF7636-18x10.png 18w, https:\/\/www.anjeliqdowntown.com\/wp-content\/uploads\/2024\/01\/DSCF7636.png 1240w\" sizes=\"auto, (max-width: 1024px) 100vw, 1024px\" \/><\/a>\n\t\t\t<\/div><\/figure><figure class='gallery-item'>\n\t\t\t<div class='gallery-icon landscape'>\n\t\t\t\t<a data-elementor-open-lightbox=\"yes\" data-elementor-lightbox-slideshow=\"7d68181\" data-elementor-lightbox-title=\"DSCF7645\" e-action-hash=\"#elementor-action%3Aaction%3Dlightbox%26settings%3DeyJpZCI6MzM4MCwidXJsIjoiaHR0cHM6XC9cL3d3dy5hbmplbGlxZG93bnRvd24uY29tXC93cC1jb250ZW50XC91cGxvYWRzXC8yMDI0XC8wMVwvRFNDRjc2NDUucG5nIiwic2xpZGVzaG93IjoiN2Q2ODE4MSJ9\" href='https:\/\/www.anjeliqdowntown.com\/wp-content\/uploads\/2024\/01\/DSCF7645.png'><img loading=\"lazy\" decoding=\"async\" width=\"1024\" height=\"595\" src=\"https:\/\/www.anjeliqdowntown.com\/wp-content\/uploads\/2024\/01\/DSCF7645-1024x595.png\" class=\"attachment-large size-large\" alt=\"\" srcset=\"https:\/\/www.anjeliqdowntown.com\/wp-content\/uploads\/2024\/01\/DSCF7645-1024x595.png 1024w, https:\/\/www.anjeliqdowntown.com\/wp-content\/uploads\/2024\/01\/DSCF7645-300x174.png 300w, https:\/\/www.anjeliqdowntown.com\/wp-content\/uploads\/2024\/01\/DSCF7645-768x446.png 768w, https:\/\/www.anjeliqdowntown.com\/wp-content\/uploads\/2024\/01\/DSCF7645-18x10.png 18w, https:\/\/www.anjeliqdowntown.com\/wp-content\/uploads\/2024\/01\/DSCF7645.png 1240w\" sizes=\"auto, (max-width: 1024px) 100vw, 1024px\" \/><\/a>\n\t\t\t<\/div><\/figure><figure class='gallery-item'>\n\t\t\t<div class='gallery-icon landscape'>\n\t\t\t\t<a data-elementor-open-lightbox=\"yes\" data-elementor-lightbox-slideshow=\"7d68181\" data-elementor-lightbox-title=\"DSCF7682\" e-action-hash=\"#elementor-action%3Aaction%3Dlightbox%26settings%3DeyJpZCI6MzM4MSwidXJsIjoiaHR0cHM6XC9cL3d3dy5hbmplbGlxZG93bnRvd24uY29tXC93cC1jb250ZW50XC91cGxvYWRzXC8yMDI0XC8wMVwvRFNDRjc2ODIucG5nIiwic2xpZGVzaG93IjoiN2Q2ODE4MSJ9\" href='https:\/\/www.anjeliqdowntown.com\/wp-content\/uploads\/2024\/01\/DSCF7682.png'><img loading=\"lazy\" decoding=\"async\" width=\"1024\" height=\"595\" src=\"https:\/\/www.anjeliqdowntown.com\/wp-content\/uploads\/2024\/01\/DSCF7682-1024x595.png\" class=\"attachment-large size-large\" alt=\"\" srcset=\"https:\/\/www.anjeliqdowntown.com\/wp-content\/uploads\/2024\/01\/DSCF7682-1024x595.png 1024w, https:\/\/www.anjeliqdowntown.com\/wp-content\/uploads\/2024\/01\/DSCF7682-300x174.png 300w, https:\/\/www.anjeliqdowntown.com\/wp-content\/uploads\/2024\/01\/DSCF7682-768x446.png 768w, https:\/\/www.anjeliqdowntown.com\/wp-content\/uploads\/2024\/01\/DSCF7682-18x10.png 18w, https:\/\/www.anjeliqdowntown.com\/wp-content\/uploads\/2024\/01\/DSCF7682.png 1240w\" sizes=\"auto, (max-width: 1024px) 100vw, 1024px\" \/><\/a>\n\t\t\t<\/div><\/figure><figure class='gallery-item'>\n\t\t\t<div class='gallery-icon landscape'>\n\t\t\t\t<a data-elementor-open-lightbox=\"yes\" data-elementor-lightbox-slideshow=\"7d68181\" data-elementor-lightbox-title=\"DSCF7705\" e-action-hash=\"#elementor-action%3Aaction%3Dlightbox%26settings%3DeyJpZCI6MzM4MiwidXJsIjoiaHR0cHM6XC9cL3d3dy5hbmplbGlxZG93bnRvd24uY29tXC93cC1jb250ZW50XC91cGxvYWRzXC8yMDI0XC8wMVwvRFNDRjc3MDUucG5nIiwic2xpZGVzaG93IjoiN2Q2ODE4MSJ9\" href='https:\/\/www.anjeliqdowntown.com\/wp-content\/uploads\/2024\/01\/DSCF7705.png'><img loading=\"lazy\" decoding=\"async\" width=\"1024\" height=\"595\" src=\"https:\/\/www.anjeliqdowntown.com\/wp-content\/uploads\/2024\/01\/DSCF7705-1024x595.png\" class=\"attachment-large size-large\" alt=\"\" srcset=\"https:\/\/www.anjeliqdowntown.com\/wp-content\/uploads\/2024\/01\/DSCF7705-1024x595.png 1024w, https:\/\/www.anjeliqdowntown.com\/wp-content\/uploads\/2024\/01\/DSCF7705-300x174.png 300w, https:\/\/www.anjeliqdowntown.com\/wp-content\/uploads\/2024\/01\/DSCF7705-768x446.png 768w, https:\/\/www.anjeliqdowntown.com\/wp-content\/uploads\/2024\/01\/DSCF7705-18x10.png 18w, https:\/\/www.anjeliqdowntown.com\/wp-content\/uploads\/2024\/01\/DSCF7705.png 1240w\" sizes=\"auto, (max-width: 1024px) 100vw, 1024px\" \/><\/a>\n\t\t\t<\/div><\/figure><figure class='gallery-item'>\n\t\t\t<div class='gallery-icon landscape'>\n\t\t\t\t<a data-elementor-open-lightbox=\"yes\" data-elementor-lightbox-slideshow=\"7d68181\" data-elementor-lightbox-title=\"DSCF7746\" e-action-hash=\"#elementor-action%3Aaction%3Dlightbox%26settings%3DeyJpZCI6MzM4MywidXJsIjoiaHR0cHM6XC9cL3d3dy5hbmplbGlxZG93bnRvd24uY29tXC93cC1jb250ZW50XC91cGxvYWRzXC8yMDI0XC8wMVwvRFNDRjc3NDYucG5nIiwic2xpZGVzaG93IjoiN2Q2ODE4MSJ9\" href='https:\/\/www.anjeliqdowntown.com\/wp-content\/uploads\/2024\/01\/DSCF7746.png'><img loading=\"lazy\" decoding=\"async\" width=\"1024\" height=\"595\" src=\"https:\/\/www.anjeliqdowntown.com\/wp-content\/uploads\/2024\/01\/DSCF7746-1024x595.png\" class=\"attachment-large size-large\" alt=\"\" srcset=\"https:\/\/www.anjeliqdowntown.com\/wp-content\/uploads\/2024\/01\/DSCF7746-1024x595.png 1024w, https:\/\/www.anjeliqdowntown.com\/wp-content\/uploads\/2024\/01\/DSCF7746-300x174.png 300w, https:\/\/www.anjeliqdowntown.com\/wp-content\/uploads\/2024\/01\/DSCF7746-768x446.png 768w, https:\/\/www.anjeliqdowntown.com\/wp-content\/uploads\/2024\/01\/DSCF7746-18x10.png 18w, https:\/\/www.anjeliqdowntown.com\/wp-content\/uploads\/2024\/01\/DSCF7746.png 1240w\" sizes=\"auto, (max-width: 1024px) 100vw, 1024px\" \/><\/a>\n\t\t\t<\/div><\/figure><figure class='gallery-item'>\n\t\t\t<div class='gallery-icon landscape'>\n\t\t\t\t<a data-elementor-open-lightbox=\"yes\" data-elementor-lightbox-slideshow=\"7d68181\" data-elementor-lightbox-title=\"DSCF7778\" e-action-hash=\"#elementor-action%3Aaction%3Dlightbox%26settings%3DeyJpZCI6MzM4NCwidXJsIjoiaHR0cHM6XC9cL3d3dy5hbmplbGlxZG93bnRvd24uY29tXC93cC1jb250ZW50XC91cGxvYWRzXC8yMDI0XC8wMVwvRFNDRjc3NzgucG5nIiwic2xpZGVzaG93IjoiN2Q2ODE4MSJ9\" href='https:\/\/www.anjeliqdowntown.com\/wp-content\/uploads\/2024\/01\/DSCF7778.png'><img loading=\"lazy\" decoding=\"async\" width=\"1024\" height=\"595\" src=\"https:\/\/www.anjeliqdowntown.com\/wp-content\/uploads\/2024\/01\/DSCF7778-1024x595.png\" class=\"attachment-large size-large\" alt=\"\" srcset=\"https:\/\/www.anjeliqdowntown.com\/wp-content\/uploads\/2024\/01\/DSCF7778-1024x595.png 1024w, https:\/\/www.anjeliqdowntown.com\/wp-content\/uploads\/2024\/01\/DSCF7778-300x174.png 300w, https:\/\/www.anjeliqdowntown.com\/wp-content\/uploads\/2024\/01\/DSCF7778-768x446.png 768w, https:\/\/www.anjeliqdowntown.com\/wp-content\/uploads\/2024\/01\/DSCF7778-18x10.png 18w, https:\/\/www.anjeliqdowntown.com\/wp-content\/uploads\/2024\/01\/DSCF7778.png 1240w\" sizes=\"auto, (max-width: 1024px) 100vw, 1024px\" \/><\/a>\n\t\t\t<\/div><\/figure><figure class='gallery-item'>\n\t\t\t<div class='gallery-icon landscape'>\n\t\t\t\t<a data-elementor-open-lightbox=\"yes\" data-elementor-lightbox-slideshow=\"7d68181\" data-elementor-lightbox-title=\"DSCF7781\" e-action-hash=\"#elementor-action%3Aaction%3Dlightbox%26settings%3DeyJpZCI6MzM4NSwidXJsIjoiaHR0cHM6XC9cL3d3dy5hbmplbGlxZG93bnRvd24uY29tXC93cC1jb250ZW50XC91cGxvYWRzXC8yMDI0XC8wMVwvRFNDRjc3ODEucG5nIiwic2xpZGVzaG93IjoiN2Q2ODE4MSJ9\" href='https:\/\/www.anjeliqdowntown.com\/wp-content\/uploads\/2024\/01\/DSCF7781.png'><img loading=\"lazy\" decoding=\"async\" width=\"1024\" height=\"595\" src=\"https:\/\/www.anjeliqdowntown.com\/wp-content\/uploads\/2024\/01\/DSCF7781-1024x595.png\" class=\"attachment-large size-large\" alt=\"\" srcset=\"https:\/\/www.anjeliqdowntown.com\/wp-content\/uploads\/2024\/01\/DSCF7781-1024x595.png 1024w, https:\/\/www.anjeliqdowntown.com\/wp-content\/uploads\/2024\/01\/DSCF7781-300x174.png 300w, https:\/\/www.anjeliqdowntown.com\/wp-content\/uploads\/2024\/01\/DSCF7781-768x446.png 768w, https:\/\/www.anjeliqdowntown.com\/wp-content\/uploads\/2024\/01\/DSCF7781-18x10.png 18w, https:\/\/www.anjeliqdowntown.com\/wp-content\/uploads\/2024\/01\/DSCF7781.png 1240w\" sizes=\"auto, (max-width: 1024px) 100vw, 1024px\" \/><\/a>\n\t\t\t<\/div><\/figure>\n\t\t<\/div>\n\t\t<\/div>\n\t\t\t\t<\/div>\n\t\t\t\t<\/div>\n\t\t\t\t\t<\/div>\n\t\t<\/div>\n\t\t\t\t\t\t\t<\/div>\n\t\t<\/section>\n\t\t\t\t\t\t\t<\/div>","protected":false},"excerpt":{"rendered":"<p>Strand Es ist Zeit, Ihre Seele am Anjeliq Beach zu n\u00e4hren. Schlie\u00dfen Sie die Augen und lauschen Sie der wundersch\u00f6nen Melodie. Die \u00dcberraschung nimmt kein Ende.<\/p>","protected":false},"author":1,"featured_media":0,"parent":0,"menu_order":0,"comment_status":"closed","ping_status":"closed","template":"full-width.php","meta":{"footnotes":""},"class_list":["post-2198","page","type-page","status-publish","hentry"],"acf":[],"_links":{"self":[{"href":"https:\/\/www.anjeliqdowntown.com\/de\/wp-json\/wp\/v2\/pages\/2198","targetHints":{"allow":["GET"]}}],"collection":[{"href":"https:\/\/www.anjeliqdowntown.com\/de\/wp-json\/wp\/v2\/pages"}],"about":[{"href":"https:\/\/www.anjeliqdowntown.com\/de\/wp-json\/wp\/v2\/types\/page"}],"author":[{"embeddable":true,"href":"https:\/\/www.anjeliqdowntown.com\/de\/wp-json\/wp\/v2\/users\/1"}],"replies":[{"embeddable":true,"href":"https:\/\/www.anjeliqdowntown.com\/de\/wp-json\/wp\/v2\/comments?post=2198"}],"version-history":[{"count":32,"href":"https:\/\/www.anjeliqdowntown.com\/de\/wp-json\/wp\/v2\/pages\/2198\/revisions"}],"predecessor-version":[{"id":3414,"href":"https:\/\/www.anjeliqdowntown.com\/de\/wp-json\/wp\/v2\/pages\/2198\/revisions\/3414"}],"wp:attachment":[{"href":"https:\/\/www.anjeliqdowntown.com\/de\/wp-json\/wp\/v2\/media?parent=2198"}],"curies":[{"name":"wp","href":"https:\/\/api.w.org\/{rel}","templated":true}]}}