{"id":1211,"date":"2022-11-29T01:10:24","date_gmt":"2022-11-28T22:10:24","guid":{"rendered":"https:\/\/anjeliqdowntown.com\/?page_id=1211"},"modified":"2022-11-29T01:11:17","modified_gmt":"2022-11-28T22:11:17","slug":"anjeliq-market","status":"publish","type":"page","link":"https:\/\/www.anjeliqdowntown.com\/de\/anjeliq-market\/","title":{"rendered":"ANJELIQ-MARKT"},"content":{"rendered":"<div data-elementor-type=\"wp-page\" data-elementor-id=\"1211\" class=\"elementor elementor-1211\">\n\t\t\t\t\t\t\t\t\t<section class=\"elementor-section elementor-top-section elementor-element elementor-element-348a720 elementor-section-boxed elementor-section-height-default elementor-section-height-default\" data-id=\"348a720\" data-element_type=\"section\" data-settings=\"{&quot;jet_parallax_layout_list&quot;:[]}\">\n\t\t\t\t\t\t<div class=\"elementor-container elementor-column-gap-default\">\n\t\t\t\t\t<div class=\"elementor-column elementor-col-100 elementor-top-column elementor-element elementor-element-0d153ee\" data-id=\"0d153ee\" data-element_type=\"column\">\n\t\t\t<div class=\"elementor-widget-wrap elementor-element-populated\">\n\t\t\t\t\t\t\t\t<div class=\"jupiter-tooltip-widget elementor-element elementor-element-3b1a669 elementor-widget elementor-widget-text-editor\" data-jupiter-tooltip-settings=\"{&quot;tooltip&quot;:&quot;false&quot;,&quot;tooltipDescription&quot;:&quot;This is Tooltip!&quot;,&quot;tooltipPlacement&quot;:&quot;top&quot;,&quot;tooltipArrow&quot;:true,&quot;xOffset&quot;:0,&quot;yOffset&quot;:0,&quot;tooltipAnimation&quot;:&quot;fade&quot;,&quot;tooltipTrigger&quot;:&quot;mouseenter&quot;,&quot;zIndex&quot;:999,&quot;customSelector&quot;:&quot;&quot;,&quot;delay&quot;:0}\" data-id=\"3b1a669\" data-element_type=\"widget\" data-widget_type=\"text-editor.default\">\n\t\t\t\t<div class=\"elementor-widget-container\">\n\t\t\t<style>\/*! elementor - v3.7.8 - 02-10-2022 *\/\n.elementor-widget-text-editor.elementor-drop-cap-view-stacked .elementor-drop-cap{background-color:#818a91;color:#fff}.elementor-widget-text-editor.elementor-drop-cap-view-framed .elementor-drop-cap{color:#818a91;border:3px solid;background-color:transparent}.elementor-widget-text-editor:not(.elementor-drop-cap-view-default) .elementor-drop-cap{margin-top:8px}.elementor-widget-text-editor:not(.elementor-drop-cap-view-default) .elementor-drop-cap-letter{width:1em;height:1em}.elementor-widget-text-editor .elementor-drop-cap{float:left;text-align:center;line-height:1;font-size:50px}.elementor-widget-text-editor .elementor-drop-cap-letter{display:inline-block}<\/style>\t\t\t\t<p>Herr Anjeliq K\u00fcche<\/p><p>Handgemachte Marmeladen, Gurken, verschiedene Anjeliq-Saucen, frische und getrocknete Fr\u00fcchte sorgf\u00e4ltig in Vakuumbeuteln zubereitet, alles mit der Liebe ihrer K\u00f6che zubereitet.<\/p><p>Brot machen<\/p><p>Nat\u00fcrliche Seife<\/p><p>Nudelherstellung<\/p><p>Karaoke<\/p><p>\u00a0<\/p>\t\t\t\t\t\t<\/div>\n\t\t\t\t<\/div>\n\t\t\t\t\t<\/div>\n\t\t<\/div>\n\t\t\t\t\t\t\t<\/div>\n\t\t<\/section>\n\t\t\t\t\t\t\t<\/div>","protected":false},"excerpt":{"rendered":"<p>Mr Anjeliq Kitchen Handgemachte Marmeladen, Pickles, verschiedene Anjeliq-Saucen, frische und getrocknete Fr\u00fcchte sorgf\u00e4ltig in Vakuumbeuteln zubereitet, alles mit der Liebe ihrer K\u00f6che zubereitet. Brot backen Nat\u00fcrliche Seife Pasta backen Karaoke \u00a0<\/p>","protected":false},"author":1,"featured_media":0,"parent":0,"menu_order":0,"comment_status":"closed","ping_status":"closed","template":"","meta":{"footnotes":""},"class_list":["post-1211","page","type-page","status-publish","hentry"],"acf":[],"_links":{"self":[{"href":"https:\/\/www.anjeliqdowntown.com\/de\/wp-json\/wp\/v2\/pages\/1211","targetHints":{"allow":["GET"]}}],"collection":[{"href":"https:\/\/www.anjeliqdowntown.com\/de\/wp-json\/wp\/v2\/pages"}],"about":[{"href":"https:\/\/www.anjeliqdowntown.com\/de\/wp-json\/wp\/v2\/types\/page"}],"author":[{"embeddable":true,"href":"https:\/\/www.anjeliqdowntown.com\/de\/wp-json\/wp\/v2\/users\/1"}],"replies":[{"embeddable":true,"href":"https:\/\/www.anjeliqdowntown.com\/de\/wp-json\/wp\/v2\/comments?post=1211"}],"version-history":[{"count":4,"href":"https:\/\/www.anjeliqdowntown.com\/de\/wp-json\/wp\/v2\/pages\/1211\/revisions"}],"predecessor-version":[{"id":1215,"href":"https:\/\/www.anjeliqdowntown.com\/de\/wp-json\/wp\/v2\/pages\/1211\/revisions\/1215"}],"wp:attachment":[{"href":"https:\/\/www.anjeliqdowntown.com\/de\/wp-json\/wp\/v2\/media?parent=1211"}],"curies":[{"name":"wp","href":"https:\/\/api.w.org\/{rel}","templated":true}]}}